{"id":932,"date":"2017-11-01T12:12:52","date_gmt":"2017-11-01T11:12:52","guid":{"rendered":"https:\/\/www.alphavoile.ch\/?page_id=932&#038;lang=de"},"modified":"2022-05-10T14:54:58","modified_gmt":"2022-05-10T12:54:58","slug":"theore","status":"publish","type":"page","link":"https:\/\/www.alphavoile.ch\/de\/theore\/","title":{"rendered":"Theorie"},"content":{"rendered":"<p>[et_pb_section fb_built=&#8220;1&#8243; disabled_on=&#8220;on|on|&#8220; _builder_version=&#8220;4.16&#8243; custom_margin=&#8220;0px||0px|&#8220; custom_padding=&#8220;0px||0px|&#8220; global_colors_info=&#8220;{}&#8220;][et_pb_row column_structure=&#8220;1_2,1_2&#8243; make_equal=&#8220;on&#8220; module_class=&#8220; et_pb_row_fullwidth&#8220; _builder_version=&#8220;4.16&#8243; width=&#8220;89%&#8220; width_tablet=&#8220;80%&#8220; width_phone=&#8220;&#8220; width_last_edited=&#8220;on|desktop&#8220; max_width=&#8220;89%&#8220; max_width_tablet=&#8220;80%&#8220; max_width_phone=&#8220;&#8220; max_width_last_edited=&#8220;on|desktop&#8220; custom_margin=&#8220;0px||0px|&#8220; custom_padding=&#8220;0px||0px|&#8220; make_fullwidth=&#8220;on&#8220; global_colors_info=&#8220;{}&#8220;][et_pb_column type=&#8220;1_2&#8243; _builder_version=&#8220;4.16&#8243; background_image=&#8220;https:\/\/www.alphavoile.ch\/wp-content\/uploads\/2017\/10\/Permis-Bateau-Moteur-Lac-Neuchatel-1.jpg&#8220; custom_padding=&#8220;0px||0px|&#8220; global_colors_info=&#8220;{}&#8220; custom_padding__hover=&#8220;|||&#8220;][\/et_pb_column][et_pb_column type=&#8220;1_2&#8243; _builder_version=&#8220;4.16&#8243; custom_padding=&#8220;0px|30px|0px|30px&#8220; global_colors_info=&#8220;{}&#8220; custom_padding__hover=&#8220;|||&#8220;][et_pb_divider show_divider=&#8220;off&#8220; disabled_on=&#8220;on|on|&#8220; _builder_version=&#8220;4.16&#8243; height=&#8220;10vh&#8220; global_colors_info=&#8220;{}&#8220;][\/et_pb_divider][et_pb_text module_class=&#8220;location&#8220; _builder_version=&#8220;4.16&#8243; border_style=&#8220;solid&#8220; global_colors_info=&#8220;{}&#8220;]<strong style=\"color: #0e5ba9; font-size: 18px;\">Theorie Motor und Segelboot Pr\u00fcfung<\/strong><\/p>\n<p>Anmeldung in Ihrem Schifffahrtsamt (Wohnkanton, Steuersitz)<\/p>\n<p>Die Theoriepr\u00fcfung f\u00fcr Kat A Motorboot und Kat D Segelboot ist dieselbe.<br \/>\nDas Heisst eine theoretische Pr\u00fcfung f\u00fcr Zwei praktische Pr\u00fcfungen.<\/p>\n<p>Rufen Sie uns an, wir erledigen den Schreibkram f\u00fcr Sie!!<br \/>\n[\/et_pb_text][et_pb_divider show_divider=&#8220;off&#8220; disabled_on=&#8220;on|on|&#8220; _builder_version=&#8220;4.16&#8243; height=&#8220;10vh&#8220; global_colors_info=&#8220;{}&#8220;][\/et_pb_divider][\/et_pb_column][\/et_pb_row][et_pb_row column_structure=&#8220;1_2,1_2&#8243; make_equal=&#8220;on&#8220; module_class=&#8220; et_pb_row_fullwidth&#8220; _builder_version=&#8220;4.16&#8243; background_color=&#8220;#0e5ba9&#8243; width=&#8220;89%&#8220; width_tablet=&#8220;80%&#8220; width_phone=&#8220;&#8220; width_last_edited=&#8220;on|desktop&#8220; max_width=&#8220;89%&#8220; max_width_tablet=&#8220;80%&#8220; max_width_phone=&#8220;&#8220; max_width_last_edited=&#8220;on|desktop&#8220; custom_margin=&#8220;0px||-14px|&#8220; custom_padding=&#8220;0px||0px|&#8220; make_fullwidth=&#8220;on&#8220; global_colors_info=&#8220;{}&#8220;][et_pb_column type=&#8220;1_2&#8243; _builder_version=&#8220;4.16&#8243; custom_padding=&#8220;0px|30px|0px|30px&#8220; custom_padding_tablet=&#8220;0px|30px|0px|30px&#8220; custom_padding_phone=&#8220;0px|30px|0px|30px&#8220; custom_padding_last_edited=&#8220;on|phone&#8220; global_colors_info=&#8220;{}&#8220; custom_padding__hover=&#8220;|||&#8220;][et_pb_divider show_divider=&#8220;off&#8220; disabled_on=&#8220;on|on|&#8220; _builder_version=&#8220;4.16&#8243; height=&#8220;20vh&#8220; global_colors_info=&#8220;{}&#8220;][\/et_pb_divider][et_pb_text module_class=&#8220;location_1&#8243; _builder_version=&#8220;4.16&#8243; text_text_color=&#8220;#ffffff&#8220; custom_margin=&#8220;||0px|&#8220; custom_padding=&#8220;||0px|&#8220; border_style=&#8220;solid&#8220; global_colors_info=&#8220;{}&#8220;]Das Buch Gute Fahrt auf Schweizer Gew\u00e4ssern, der Gesetzes Text zum lernen, inclusive dem Test Fragebogen. Vom Strassenverkehrsamt, gut und g\u00fcnstig<br \/>\n[\/et_pb_text][\/et_pb_column][et_pb_column type=&#8220;1_2&#8243; _builder_version=&#8220;4.16&#8243; custom_padding=&#8220;0px||0px|&#8220; custom_padding_tablet=&#8220;0px||0px|&#8220; custom_padding_phone=&#8220;0px||0px|&#8220; custom_padding_last_edited=&#8220;on|phone&#8220; global_colors_info=&#8220;{}&#8220; custom_padding__hover=&#8220;|||&#8220;][et_pb_image src=&#8220;https:\/\/www.alphavoile.ch\/wp-content\/uploads\/2017\/10\/Bateau-Vaud-1.jpg&#8220; _builder_version=&#8220;4.17.3&#8243; _module_preset=&#8220;default&#8220; global_colors_info=&#8220;{}&#8220;][\/et_pb_image][\/et_pb_column][\/et_pb_row][et_pb_row column_structure=&#8220;1_2,1_2&#8243; make_equal=&#8220;on&#8220; module_class=&#8220; et_pb_row_fullwidth&#8220; _builder_version=&#8220;4.16&#8243; background_color=&#8220;#ffffff&#8220; width=&#8220;89%&#8220; width_tablet=&#8220;80%&#8220; width_phone=&#8220;&#8220; width_last_edited=&#8220;on|desktop&#8220; max_width=&#8220;89%&#8220; max_width_tablet=&#8220;80%&#8220; max_width_phone=&#8220;&#8220; max_width_last_edited=&#8220;on|desktop&#8220; custom_margin=&#8220;0px||-14px|&#8220; custom_padding=&#8220;0px||0px|&#8220; make_fullwidth=&#8220;on&#8220; global_colors_info=&#8220;{}&#8220;][et_pb_column type=&#8220;1_2&#8243; module_class=&#8220;colonne&#8220; _builder_version=&#8220;4.16&#8243; custom_padding=&#8220;0px||0px|&#8220; global_colors_info=&#8220;{}&#8220; custom_padding__hover=&#8220;|||&#8220;][et_pb_image src=&#8220;https:\/\/www.alphavoile.ch\/wp-content\/uploads\/2017\/10\/Bateau-Neuchatel-1.jpg&#8220; _builder_version=&#8220;4.17.3&#8243; _module_preset=&#8220;default&#8220; global_colors_info=&#8220;{}&#8220;][\/et_pb_image][\/et_pb_column][et_pb_column type=&#8220;1_2&#8243; _builder_version=&#8220;4.16&#8243; custom_padding=&#8220;0px|30px|0px|30px&#8220; global_colors_info=&#8220;{}&#8220; custom_padding__hover=&#8220;|||&#8220;][et_pb_divider show_divider=&#8220;off&#8220; disabled_on=&#8220;on|on|&#8220; _builder_version=&#8220;4.16&#8243; height=&#8220;14vh&#8220; global_colors_info=&#8220;{}&#8220;][\/et_pb_divider][et_pb_text _builder_version=&#8220;4.16&#8243; border_style=&#8220;solid&#8220; global_colors_info=&#8220;{}&#8220;]<strong style=\"color: #0e5ba9; font-size: 18px;\">Boat-Driver Pro<\/strong><\/p>\n<p>Interaktives lernen, mit Videounterst\u00fctzung, alle Fragen des Schifffahrtsamtes als Download, der schnelle Weg zur Theoriepr\u00fcfung. Top.<br \/>\n[\/et_pb_text][et_pb_button button_url=&#8220;https:\/\/www.boatdriver.ch\/theorie-buch-postversand-16&#8243; url_new_window=&#8220;on&#8220; button_text=&#8220;CD bestellen&#8220; button_alignment=&#8220;center&#8220; _builder_version=&#8220;4.16&#8243; button_letter_spacing_hover=&#8220;0&#8243; global_colors_info=&#8220;{}&#8220; button_text_size__hover_enabled=&#8220;off&#8220; button_one_text_size__hover_enabled=&#8220;off&#8220; button_two_text_size__hover_enabled=&#8220;off&#8220; button_text_color__hover_enabled=&#8220;off&#8220; button_one_text_color__hover_enabled=&#8220;off&#8220; button_two_text_color__hover_enabled=&#8220;off&#8220; button_border_width__hover_enabled=&#8220;off&#8220; button_one_border_width__hover_enabled=&#8220;off&#8220; button_two_border_width__hover_enabled=&#8220;off&#8220; button_border_color__hover_enabled=&#8220;off&#8220; button_one_border_color__hover_enabled=&#8220;off&#8220; button_two_border_color__hover_enabled=&#8220;off&#8220; button_border_radius__hover_enabled=&#8220;off&#8220; button_one_border_radius__hover_enabled=&#8220;off&#8220; button_two_border_radius__hover_enabled=&#8220;off&#8220; button_letter_spacing__hover_enabled=&#8220;on&#8220; button_letter_spacing__hover=&#8220;0&#8243; button_one_letter_spacing__hover_enabled=&#8220;off&#8220; button_two_letter_spacing__hover_enabled=&#8220;off&#8220; button_bg_color__hover_enabled=&#8220;off&#8220; button_one_bg_color__hover_enabled=&#8220;off&#8220; button_two_bg_color__hover_enabled=&#8220;off&#8220;][\/et_pb_button][\/et_pb_column][\/et_pb_row][\/et_pb_section][et_pb_section fb_built=&#8220;1&#8243; disabled_on=&#8220;off|off|on&#8220; _builder_version=&#8220;4.16&#8243; custom_margin=&#8220;0px||0px|&#8220; custom_padding=&#8220;0px||0px|&#8220; global_colors_info=&#8220;{}&#8220;][et_pb_row column_structure=&#8220;1_2,1_2&#8243; make_equal=&#8220;on&#8220; module_class=&#8220; et_pb_row_fullwidth&#8220; _builder_version=&#8220;4.16&#8243; width=&#8220;89%&#8220; width_tablet=&#8220;80%&#8220; width_phone=&#8220;&#8220; width_last_edited=&#8220;on|desktop&#8220; max_width=&#8220;89%&#8220; max_width_tablet=&#8220;80%&#8220; max_width_phone=&#8220;&#8220; max_width_last_edited=&#8220;on|desktop&#8220; custom_margin=&#8220;14px||-14px|&#8220; custom_padding=&#8220;0px||0px|&#8220; make_fullwidth=&#8220;on&#8220; global_colors_info=&#8220;{}&#8220;][et_pb_column type=&#8220;1_2&#8243; _builder_version=&#8220;4.16&#8243; custom_padding=&#8220;0px||0px|&#8220; global_colors_info=&#8220;{}&#8220; custom_padding__hover=&#8220;|||&#8220;][et_pb_image src=&#8220;https:\/\/www.alphavoile.ch\/wp-content\/uploads\/2017\/10\/Permis-Bateau-Moteur-Lac-Neuchatel-1.jpg&#8220; _builder_version=&#8220;4.17.3&#8243; _module_preset=&#8220;default&#8220; global_colors_info=&#8220;{}&#8220;][\/et_pb_image][\/et_pb_column][et_pb_column type=&#8220;1_2&#8243; _builder_version=&#8220;4.16&#8243; custom_padding=&#8220;0px|30px|0px|30px&#8220; global_colors_info=&#8220;{}&#8220; custom_padding__hover=&#8220;|||&#8220;][et_pb_text module_class=&#8220;location&#8220; _builder_version=&#8220;4.16&#8243; border_style=&#8220;solid&#8220; global_colors_info=&#8220;{}&#8220;]<strong style=\"color: #0e5ba9; font-size: 18px;\">Theorie Motor und Segelboot Pr\u00fcfung<\/strong><\/p>\n<p>Anmeldung in Ihrem Schifffahrtsamt (Wohnkanton, Steuersitz)<\/p>\n<p>Die Theoriepr\u00fcfung f\u00fcr Kat A Motorboot und Kat D Segelboot ist dieselbe.<br \/>\nDas Heisst eine theoretische Pr\u00fcfung f\u00fcr Zwei praktische Pr\u00fcfungen.<\/p>\n<p>Rufen Sie uns an, wir erledigen den Schreibkram f\u00fcr Sie!!<br \/>\n[\/et_pb_text][\/et_pb_column][\/et_pb_row][et_pb_row column_structure=&#8220;1_2,1_2&#8243; make_equal=&#8220;on&#8220; module_class=&#8220; et_pb_row_fullwidth&#8220; _builder_version=&#8220;4.16&#8243; background_color=&#8220;#0e5ba9&#8243; width=&#8220;89%&#8220; width_tablet=&#8220;80%&#8220; width_phone=&#8220;&#8220; width_last_edited=&#8220;on|desktop&#8220; max_width=&#8220;89%&#8220; max_width_tablet=&#8220;80%&#8220; max_width_phone=&#8220;&#8220; max_width_last_edited=&#8220;on|desktop&#8220; custom_margin=&#8220;14px||-14px|&#8220; custom_padding=&#8220;0px||0px|&#8220; make_fullwidth=&#8220;on&#8220; global_colors_info=&#8220;{}&#8220;][et_pb_column type=&#8220;1_2&#8243; _builder_version=&#8220;4.16&#8243; custom_padding=&#8220;0px||0px|&#8220; custom_padding_tablet=&#8220;0px||0px|&#8220; custom_padding_phone=&#8220;0px|0px|0px|0px&#8220; custom_padding_last_edited=&#8220;on|desktop&#8220; global_colors_info=&#8220;{}&#8220; custom_padding__hover=&#8220;|||&#8220;][et_pb_image src=&#8220;https:\/\/www.alphavoile.ch\/wp-content\/uploads\/2017\/10\/Bateau-Vaud-1.jpg&#8220; _builder_version=&#8220;4.17.3&#8243; _module_preset=&#8220;default&#8220; global_colors_info=&#8220;{}&#8220;][\/et_pb_image][\/et_pb_column][et_pb_column type=&#8220;1_2&#8243; _builder_version=&#8220;4.16&#8243; custom_padding=&#8220;0px||0px|&#8220; custom_padding_tablet=&#8220;0px||0px|&#8220; custom_padding_phone=&#8220;0px|0px|0px|0px&#8220; custom_padding_last_edited=&#8220;on|phone&#8220; global_colors_info=&#8220;{}&#8220; custom_padding__hover=&#8220;|||&#8220;][et_pb_text module_class=&#8220;location_1&#8243; _builder_version=&#8220;4.16&#8243; text_text_color=&#8220;#ffffff&#8220; custom_margin=&#8220;||0px|&#8220; custom_padding=&#8220;|30px|0px|30px&#8220; border_style=&#8220;solid&#8220; global_colors_info=&#8220;{}&#8220;]Das Buch Gute Fahrt auf Schweizer Gew\u00e4ssern, der Gesetzes Text zum lernen, inclusive dem Test Fragebogen. Vom Strassenverkehrsamt, gut und g\u00fcnstig<br \/>\n[\/et_pb_text][\/et_pb_column][\/et_pb_row][et_pb_row column_structure=&#8220;1_2,1_2&#8243; make_equal=&#8220;on&#8220; module_class=&#8220; et_pb_row_fullwidth&#8220; _builder_version=&#8220;4.16&#8243; background_color=&#8220;#ffffff&#8220; width=&#8220;89%&#8220; width_tablet=&#8220;80%&#8220; width_phone=&#8220;&#8220; width_last_edited=&#8220;on|desktop&#8220; max_width=&#8220;89%&#8220; max_width_tablet=&#8220;80%&#8220; max_width_phone=&#8220;&#8220; max_width_last_edited=&#8220;on|desktop&#8220; custom_margin=&#8220;14px||-14px|&#8220; custom_padding=&#8220;0px||0px|&#8220; make_fullwidth=&#8220;on&#8220; global_colors_info=&#8220;{}&#8220;][et_pb_column type=&#8220;1_2&#8243; _builder_version=&#8220;4.16&#8243; custom_padding=&#8220;0px||0px|&#8220; global_colors_info=&#8220;{}&#8220; custom_padding__hover=&#8220;|||&#8220;][et_pb_image src=&#8220;https:\/\/www.alphavoile.ch\/wp-content\/uploads\/2017\/10\/Bateau-Neuchatel-1.jpg&#8220; _builder_version=&#8220;4.17.3&#8243; _module_preset=&#8220;default&#8220; global_colors_info=&#8220;{}&#8220;][\/et_pb_image][\/et_pb_column][et_pb_column type=&#8220;1_2&#8243; _builder_version=&#8220;4.16&#8243; custom_padding=&#8220;0px|30px|0px|30px&#8220; global_colors_info=&#8220;{}&#8220; custom_padding__hover=&#8220;|||&#8220;][et_pb_text _builder_version=&#8220;4.16&#8243; border_style=&#8220;solid&#8220; global_colors_info=&#8220;{}&#8220;]<strong style=\"color: #0e5ba9; font-size: 18px;\">Boat-Driver Pro<\/strong><\/p>\n<p>Interaktives lernen, mit Videounterst\u00fctzung, alle Fragen des Schifffahrtsamtes als Download, der schnelle Weg zur Theoriepr\u00fcfung. Top.<br \/>\n[\/et_pb_text][et_pb_button button_url=&#8220;https:\/\/www.boatdriver.ch\/theorie-buch-postversand-16&#8243; url_new_window=&#8220;on&#8220; button_text=&#8220;CD bestellen&#8220; button_alignment=&#8220;center&#8220; _builder_version=&#8220;4.16&#8243; custom_button=&#8220;on&#8220; button_text_color=&#8220;#0e5ba9&#8243; button_border_color=&#8220;#0e5ba9&#8243; button_text_color_hover=&#8220;#0e5ba9&#8243; button_border_color_hover=&#8220;#0e5ba9&#8243; button_letter_spacing_hover=&#8220;0&#8243; global_colors_info=&#8220;{}&#8220; button_text_size__hover_enabled=&#8220;off&#8220; button_one_text_size__hover_enabled=&#8220;off&#8220; button_two_text_size__hover_enabled=&#8220;off&#8220; button_text_color__hover_enabled=&#8220;on&#8220; button_text_color__hover=&#8220;#0e5ba9&#8243; button_one_text_color__hover_enabled=&#8220;off&#8220; button_two_text_color__hover_enabled=&#8220;off&#8220; button_border_width__hover_enabled=&#8220;off&#8220; button_one_border_width__hover_enabled=&#8220;off&#8220; button_two_border_width__hover_enabled=&#8220;off&#8220; button_border_color__hover_enabled=&#8220;on&#8220; button_border_color__hover=&#8220;#0e5ba9&#8243; button_one_border_color__hover_enabled=&#8220;off&#8220; button_two_border_color__hover_enabled=&#8220;off&#8220; button_border_radius__hover_enabled=&#8220;off&#8220; button_one_border_radius__hover_enabled=&#8220;off&#8220; button_two_border_radius__hover_enabled=&#8220;off&#8220; button_letter_spacing__hover_enabled=&#8220;on&#8220; button_letter_spacing__hover=&#8220;0&#8243; button_one_letter_spacing__hover_enabled=&#8220;off&#8220; button_two_letter_spacing__hover_enabled=&#8220;off&#8220; button_bg_color__hover_enabled=&#8220;off&#8220; button_one_bg_color__hover_enabled=&#8220;off&#8220; button_two_bg_color__hover_enabled=&#8220;off&#8220;][\/et_pb_button][et_pb_divider show_divider=&#8220;off&#8220; disabled_on=&#8220;off|off|&#8220; _builder_version=&#8220;4.16&#8243; height=&#8220;1vh&#8220; global_colors_info=&#8220;{}&#8220;][\/et_pb_divider][\/et_pb_column][\/et_pb_row][\/et_pb_section]<\/p>\n","protected":false},"excerpt":{"rendered":"<p>Theorie Motor und Segelboot Pr\u00fcfung Anmeldung in Ihrem Schifffahrtsamt (Wohnkanton, Steuersitz) Die Theoriepr\u00fcfung f\u00fcr Kat A Motorboot und Kat D Segelboot ist dieselbe. Das Heisst eine theoretische Pr\u00fcfung f\u00fcr Zwei praktische Pr\u00fcfungen. Rufen Sie uns an, wir erledigen den Schreibkram f\u00fcr Sie!! Das Buch Gute Fahrt auf Schweizer Gew\u00e4ssern, der Gesetzes Text zum lernen, inclusive [&hellip;]<\/p>\n","protected":false},"author":4,"featured_media":0,"parent":0,"menu_order":4,"comment_status":"closed","ping_status":"closed","template":"","meta":{"_et_pb_use_builder":"on","_et_pb_old_content":"","_et_gb_content_width":""},"yoast_head":"<!-- This site is optimized with the Yoast SEO plugin v18.6 - https:\/\/yoast.com\/wordpress\/plugins\/seo\/ -->\n<title>Theorie - Alpha Voile<\/title>\n<meta name=\"robots\" content=\"index, follow, max-snippet:-1, max-image-preview:large, max-video-preview:-1\" \/>\n<link rel=\"canonical\" href=\"https:\/\/www.alphavoile.ch\/de\/theore\/\" \/>\n<meta property=\"og:locale\" content=\"de_DE\" \/>\n<meta property=\"og:type\" content=\"article\" \/>\n<meta property=\"og:title\" content=\"Theorie - Alpha Voile\" \/>\n<meta property=\"og:description\" content=\"Theorie Motor und Segelboot Pr\u00fcfung Anmeldung in Ihrem Schifffahrtsamt (Wohnkanton, Steuersitz) Die Theoriepr\u00fcfung f\u00fcr Kat A Motorboot und Kat D Segelboot ist dieselbe. Das Heisst eine theoretische Pr\u00fcfung f\u00fcr Zwei praktische Pr\u00fcfungen. Rufen Sie uns an, wir erledigen den Schreibkram f\u00fcr Sie!! Das Buch Gute Fahrt auf Schweizer Gew\u00e4ssern, der Gesetzes Text zum lernen, inclusive [&hellip;]\" \/>\n<meta property=\"og:url\" content=\"https:\/\/www.alphavoile.ch\/de\/theore\/\" \/>\n<meta property=\"og:site_name\" content=\"Alpha Voile\" \/>\n<meta property=\"article:modified_time\" content=\"2022-05-10T12:54:58+00:00\" \/>\n<meta name=\"twitter:card\" content=\"summary\" \/>\n<meta name=\"twitter:label1\" content=\"Gesch\u00e4tzte Lesezeit\" \/>\n\t<meta name=\"twitter:data1\" content=\"8 Minuten\" \/>\n<script type=\"application\/ld+json\" class=\"yoast-schema-graph\">{\"@context\":\"https:\/\/schema.org\",\"@graph\":[{\"@type\":\"Organization\",\"@id\":\"https:\/\/www.alphavoile.ch\/de\/#organization\",\"name\":\"Alpha Voile\",\"url\":\"https:\/\/www.alphavoile.ch\/de\/\",\"sameAs\":[],\"logo\":{\"@type\":\"ImageObject\",\"@id\":\"https:\/\/www.alphavoile.ch\/de\/#logo\",\"inLanguage\":\"de-DE\",\"url\":\"https:\/\/www.alphavoile.ch\/wp-content\/uploads\/2017\/10\/LOGO.jpg\",\"contentUrl\":\"https:\/\/www.alphavoile.ch\/wp-content\/uploads\/2017\/10\/LOGO.jpg\",\"width\":54,\"height\":49,\"caption\":\"Alpha Voile\"},\"image\":{\"@id\":\"https:\/\/www.alphavoile.ch\/de\/#logo\"}},{\"@type\":\"WebSite\",\"@id\":\"https:\/\/www.alphavoile.ch\/de\/#website\",\"url\":\"https:\/\/www.alphavoile.ch\/de\/\",\"name\":\"Alpha Voile\",\"description\":\"cours bateaux voile et moteur location\",\"publisher\":{\"@id\":\"https:\/\/www.alphavoile.ch\/de\/#organization\"},\"potentialAction\":[{\"@type\":\"SearchAction\",\"target\":{\"@type\":\"EntryPoint\",\"urlTemplate\":\"https:\/\/www.alphavoile.ch\/de\/?s={search_term_string}\"},\"query-input\":\"required name=search_term_string\"}],\"inLanguage\":\"de-DE\"},{\"@type\":\"WebPage\",\"@id\":\"https:\/\/www.alphavoile.ch\/de\/theore\/#webpage\",\"url\":\"https:\/\/www.alphavoile.ch\/de\/theore\/\",\"name\":\"Theorie - Alpha Voile\",\"isPartOf\":{\"@id\":\"https:\/\/www.alphavoile.ch\/de\/#website\"},\"datePublished\":\"2017-11-01T11:12:52+00:00\",\"dateModified\":\"2022-05-10T12:54:58+00:00\",\"breadcrumb\":{\"@id\":\"https:\/\/www.alphavoile.ch\/de\/theore\/#breadcrumb\"},\"inLanguage\":\"de-DE\",\"potentialAction\":[{\"@type\":\"ReadAction\",\"target\":[\"https:\/\/www.alphavoile.ch\/de\/theore\/\"]}]},{\"@type\":\"BreadcrumbList\",\"@id\":\"https:\/\/www.alphavoile.ch\/de\/theore\/#breadcrumb\",\"itemListElement\":[{\"@type\":\"ListItem\",\"position\":1,\"name\":\"Accueil\",\"item\":\"https:\/\/www.alphavoile.ch\/de\/\"},{\"@type\":\"ListItem\",\"position\":2,\"name\":\"Theorie\"}]}]}<\/script>\n<!-- \/ Yoast SEO plugin. -->","yoast_head_json":{"title":"Theorie - Alpha Voile","robots":{"index":"index","follow":"follow","max-snippet":"max-snippet:-1","max-image-preview":"max-image-preview:large","max-video-preview":"max-video-preview:-1"},"canonical":"https:\/\/www.alphavoile.ch\/de\/theore\/","og_locale":"de_DE","og_type":"article","og_title":"Theorie - Alpha Voile","og_description":"Theorie Motor und Segelboot Pr\u00fcfung Anmeldung in Ihrem Schifffahrtsamt (Wohnkanton, Steuersitz) Die Theoriepr\u00fcfung f\u00fcr Kat A Motorboot und Kat D Segelboot ist dieselbe. Das Heisst eine theoretische Pr\u00fcfung f\u00fcr Zwei praktische Pr\u00fcfungen. Rufen Sie uns an, wir erledigen den Schreibkram f\u00fcr Sie!! Das Buch Gute Fahrt auf Schweizer Gew\u00e4ssern, der Gesetzes Text zum lernen, inclusive [&hellip;]","og_url":"https:\/\/www.alphavoile.ch\/de\/theore\/","og_site_name":"Alpha Voile","article_modified_time":"2022-05-10T12:54:58+00:00","twitter_card":"summary","twitter_misc":{"Gesch\u00e4tzte Lesezeit":"8 Minuten"},"schema":{"@context":"https:\/\/schema.org","@graph":[{"@type":"Organization","@id":"https:\/\/www.alphavoile.ch\/de\/#organization","name":"Alpha Voile","url":"https:\/\/www.alphavoile.ch\/de\/","sameAs":[],"logo":{"@type":"ImageObject","@id":"https:\/\/www.alphavoile.ch\/de\/#logo","inLanguage":"de-DE","url":"https:\/\/www.alphavoile.ch\/wp-content\/uploads\/2017\/10\/LOGO.jpg","contentUrl":"https:\/\/www.alphavoile.ch\/wp-content\/uploads\/2017\/10\/LOGO.jpg","width":54,"height":49,"caption":"Alpha Voile"},"image":{"@id":"https:\/\/www.alphavoile.ch\/de\/#logo"}},{"@type":"WebSite","@id":"https:\/\/www.alphavoile.ch\/de\/#website","url":"https:\/\/www.alphavoile.ch\/de\/","name":"Alpha Voile","description":"cours bateaux voile et moteur location","publisher":{"@id":"https:\/\/www.alphavoile.ch\/de\/#organization"},"potentialAction":[{"@type":"SearchAction","target":{"@type":"EntryPoint","urlTemplate":"https:\/\/www.alphavoile.ch\/de\/?s={search_term_string}"},"query-input":"required name=search_term_string"}],"inLanguage":"de-DE"},{"@type":"WebPage","@id":"https:\/\/www.alphavoile.ch\/de\/theore\/#webpage","url":"https:\/\/www.alphavoile.ch\/de\/theore\/","name":"Theorie - Alpha Voile","isPartOf":{"@id":"https:\/\/www.alphavoile.ch\/de\/#website"},"datePublished":"2017-11-01T11:12:52+00:00","dateModified":"2022-05-10T12:54:58+00:00","breadcrumb":{"@id":"https:\/\/www.alphavoile.ch\/de\/theore\/#breadcrumb"},"inLanguage":"de-DE","potentialAction":[{"@type":"ReadAction","target":["https:\/\/www.alphavoile.ch\/de\/theore\/"]}]},{"@type":"BreadcrumbList","@id":"https:\/\/www.alphavoile.ch\/de\/theore\/#breadcrumb","itemListElement":[{"@type":"ListItem","position":1,"name":"Accueil","item":"https:\/\/www.alphavoile.ch\/de\/"},{"@type":"ListItem","position":2,"name":"Theorie"}]}]}},"_links":{"self":[{"href":"https:\/\/www.alphavoile.ch\/de\/wp-json\/wp\/v2\/pages\/932"}],"collection":[{"href":"https:\/\/www.alphavoile.ch\/de\/wp-json\/wp\/v2\/pages"}],"about":[{"href":"https:\/\/www.alphavoile.ch\/de\/wp-json\/wp\/v2\/types\/page"}],"author":[{"embeddable":true,"href":"https:\/\/www.alphavoile.ch\/de\/wp-json\/wp\/v2\/users\/4"}],"replies":[{"embeddable":true,"href":"https:\/\/www.alphavoile.ch\/de\/wp-json\/wp\/v2\/comments?post=932"}],"version-history":[{"count":15,"href":"https:\/\/www.alphavoile.ch\/de\/wp-json\/wp\/v2\/pages\/932\/revisions"}],"predecessor-version":[{"id":1859,"href":"https:\/\/www.alphavoile.ch\/de\/wp-json\/wp\/v2\/pages\/932\/revisions\/1859"}],"wp:attachment":[{"href":"https:\/\/www.alphavoile.ch\/de\/wp-json\/wp\/v2\/media?parent=932"}],"curies":[{"name":"wp","href":"https:\/\/api.w.org\/{rel}","templated":true}]}}