{"id":970,"date":"2017-11-01T12:49:38","date_gmt":"2017-11-01T11:49:38","guid":{"rendered":"https:\/\/www.alphavoile.ch\/?page_id=970&#038;lang=de"},"modified":"2020-04-19T09:03:14","modified_gmt":"2020-04-19T07:03:14","slug":"kontakt","status":"publish","type":"page","link":"https:\/\/www.alphavoile.ch\/de\/kontakt\/","title":{"rendered":"Kontakt"},"content":{"rendered":"<p>[et_pb_section fb_built=&#8220;1&#8243; fullwidth=&#8220;on&#8220; _builder_version=&#8220;3.22&#8243;][et_pb_fullwidth_slider show_arrows=&#8220;off&#8220; show_pagination=&#8220;off&#8220; _builder_version=&#8220;3.16&#8243; box_shadow_style=&#8220;preset6&#8243; box_shadow_blur=&#8220;10px&#8220; box_shadow_color=&#8220;rgba(0,0,0,0.1)&#8220; show_inner_shadow=&#8220;on&#8220; button_letter_spacing_hover=&#8220;0&#8243; button_text_size__hover_enabled=&#8220;off&#8220; button_one_text_size__hover_enabled=&#8220;off&#8220; button_two_text_size__hover_enabled=&#8220;off&#8220; button_text_color__hover_enabled=&#8220;off&#8220; button_one_text_color__hover_enabled=&#8220;off&#8220; button_two_text_color__hover_enabled=&#8220;off&#8220; button_border_width__hover_enabled=&#8220;off&#8220; button_one_border_width__hover_enabled=&#8220;off&#8220; button_two_border_width__hover_enabled=&#8220;off&#8220; button_border_color__hover_enabled=&#8220;off&#8220; button_one_border_color__hover_enabled=&#8220;off&#8220; button_two_border_color__hover_enabled=&#8220;off&#8220; button_border_radius__hover_enabled=&#8220;off&#8220; button_one_border_radius__hover_enabled=&#8220;off&#8220; button_two_border_radius__hover_enabled=&#8220;off&#8220; button_letter_spacing__hover_enabled=&#8220;on&#8220; button_letter_spacing__hover=&#8220;0&#8243; button_one_letter_spacing__hover_enabled=&#8220;off&#8220; button_two_letter_spacing__hover_enabled=&#8220;off&#8220; button_bg_color__hover_enabled=&#8220;off&#8220; button_one_bg_color__hover_enabled=&#8220;off&#8220; button_two_bg_color__hover_enabled=&#8220;off&#8220;][et_pb_slide use_bg_overlay=&#8220;off&#8220; use_text_overlay=&#8220;off&#8220; _builder_version=&#8220;3.16&#8243; header_font=&#8220;||||&#8220; body_font=&#8220;||||&#8220; background_image=&#8220;https:\/\/www.alphavoile.ch\/wp-content\/uploads\/2017\/10\/Permis-Bateau-Lac-de-Neuchatel.jpg&#8220; button_icon_placement=&#8220;right&#8220; button_on_hover=&#8220;on&#8220; button_text_size__hover_enabled=&#8220;off&#8220; button_one_text_size__hover_enabled=&#8220;off&#8220; button_two_text_size__hover_enabled=&#8220;off&#8220; button_text_color__hover_enabled=&#8220;off&#8220; button_one_text_color__hover_enabled=&#8220;off&#8220; button_two_text_color__hover_enabled=&#8220;off&#8220; button_border_width__hover_enabled=&#8220;off&#8220; button_one_border_width__hover_enabled=&#8220;off&#8220; button_two_border_width__hover_enabled=&#8220;off&#8220; button_border_color__hover_enabled=&#8220;off&#8220; button_one_border_color__hover_enabled=&#8220;off&#8220; button_two_border_color__hover_enabled=&#8220;off&#8220; button_border_radius__hover_enabled=&#8220;off&#8220; button_one_border_radius__hover_enabled=&#8220;off&#8220; button_two_border_radius__hover_enabled=&#8220;off&#8220; button_letter_spacing__hover_enabled=&#8220;off&#8220; button_one_letter_spacing__hover_enabled=&#8220;off&#8220; button_two_letter_spacing__hover_enabled=&#8220;off&#8220; button_bg_color__hover_enabled=&#8220;off&#8220; button_one_bg_color__hover_enabled=&#8220;off&#8220; button_two_bg_color__hover_enabled=&#8220;off&#8220;][\/et_pb_slide][\/et_pb_fullwidth_slider][\/et_pb_section][et_pb_section fb_built=&#8220;1&#8243; disabled_on=&#8220;on|on|on&#8220; _builder_version=&#8220;3.22&#8243; disabled=&#8220;on&#8220;][et_pb_row _builder_version=&#8220;3.25&#8243; background_size=&#8220;initial&#8220; background_position=&#8220;top_left&#8220; background_repeat=&#8220;repeat&#8220;][et_pb_column type=&#8220;4_4&#8243; _builder_version=&#8220;3.25&#8243; custom_padding=&#8220;|||&#8220; custom_padding__hover=&#8220;|||&#8220;][et_pb_contact_form captcha=&#8220;off&#8220; email=&#8220;info@alphavoile.ch&#8220; disabled_on=&#8220;on|on|on&#8220; _builder_version=&#8220;3.0.87&#8243; border_radii=&#8220;on|0px|0px|0px|0px&#8220; border_style=&#8220;solid&#8220; input_border_radius=&#8220;0&#8243; disabled=&#8220;on&#8220; button_letter_spacing_hover=&#8220;0&#8243;][et_pb_contact_field field_id=&#8220;Nom&#8220; field_title=&#8220;Nom&#8220; _builder_version=&#8220;3.16&#8243; form_field_font=&#8220;||||&#8220; use_border_color=&#8220;off&#8220; border_style=&#8220;solid&#8220; button_text_size__hover_enabled=&#8220;off&#8220; button_one_text_size__hover_enabled=&#8220;off&#8220; button_two_text_size__hover_enabled=&#8220;off&#8220; button_text_color__hover_enabled=&#8220;off&#8220; button_one_text_color__hover_enabled=&#8220;off&#8220; button_two_text_color__hover_enabled=&#8220;off&#8220; button_border_width__hover_enabled=&#8220;off&#8220; button_one_border_width__hover_enabled=&#8220;off&#8220; button_two_border_width__hover_enabled=&#8220;off&#8220; button_border_color__hover_enabled=&#8220;off&#8220; button_one_border_color__hover_enabled=&#8220;off&#8220; button_two_border_color__hover_enabled=&#8220;off&#8220; button_border_radius__hover_enabled=&#8220;off&#8220; button_one_border_radius__hover_enabled=&#8220;off&#8220; button_two_border_radius__hover_enabled=&#8220;off&#8220; button_letter_spacing__hover_enabled=&#8220;off&#8220; button_one_letter_spacing__hover_enabled=&#8220;off&#8220; button_two_letter_spacing__hover_enabled=&#8220;off&#8220; button_bg_color__hover_enabled=&#8220;off&#8220; button_one_bg_color__hover_enabled=&#8220;off&#8220; button_two_bg_color__hover_enabled=&#8220;off&#8220;][\/et_pb_contact_field][et_pb_contact_field field_id=&#8220;Pr\u00e9nom&#8220; field_title=&#8220;Pr\u00e9nom&#8220; _builder_version=&#8220;3.16&#8243; form_field_font=&#8220;||||&#8220; use_border_color=&#8220;off&#8220; border_style=&#8220;solid&#8220; button_text_size__hover_enabled=&#8220;off&#8220; button_one_text_size__hover_enabled=&#8220;off&#8220; button_two_text_size__hover_enabled=&#8220;off&#8220; button_text_color__hover_enabled=&#8220;off&#8220; button_one_text_color__hover_enabled=&#8220;off&#8220; button_two_text_color__hover_enabled=&#8220;off&#8220; button_border_width__hover_enabled=&#8220;off&#8220; button_one_border_width__hover_enabled=&#8220;off&#8220; button_two_border_width__hover_enabled=&#8220;off&#8220; button_border_color__hover_enabled=&#8220;off&#8220; button_one_border_color__hover_enabled=&#8220;off&#8220; button_two_border_color__hover_enabled=&#8220;off&#8220; button_border_radius__hover_enabled=&#8220;off&#8220; button_one_border_radius__hover_enabled=&#8220;off&#8220; button_two_border_radius__hover_enabled=&#8220;off&#8220; button_letter_spacing__hover_enabled=&#8220;off&#8220; button_one_letter_spacing__hover_enabled=&#8220;off&#8220; button_two_letter_spacing__hover_enabled=&#8220;off&#8220; button_bg_color__hover_enabled=&#8220;off&#8220; button_one_bg_color__hover_enabled=&#8220;off&#8220; button_two_bg_color__hover_enabled=&#8220;off&#8220;][\/et_pb_contact_field][et_pb_contact_field field_id=&#8220;T\u00e9l\u00e9phone&#8220; field_title=&#8220;T\u00e9l\u00e9phone&#8220; _builder_version=&#8220;3.16&#8243; form_field_font=&#8220;||||&#8220; use_border_color=&#8220;off&#8220; border_style=&#8220;solid&#8220; button_text_size__hover_enabled=&#8220;off&#8220; button_one_text_size__hover_enabled=&#8220;off&#8220; button_two_text_size__hover_enabled=&#8220;off&#8220; button_text_color__hover_enabled=&#8220;off&#8220; button_one_text_color__hover_enabled=&#8220;off&#8220; button_two_text_color__hover_enabled=&#8220;off&#8220; button_border_width__hover_enabled=&#8220;off&#8220; button_one_border_width__hover_enabled=&#8220;off&#8220; button_two_border_width__hover_enabled=&#8220;off&#8220; button_border_color__hover_enabled=&#8220;off&#8220; button_one_border_color__hover_enabled=&#8220;off&#8220; button_two_border_color__hover_enabled=&#8220;off&#8220; button_border_radius__hover_enabled=&#8220;off&#8220; button_one_border_radius__hover_enabled=&#8220;off&#8220; button_two_border_radius__hover_enabled=&#8220;off&#8220; button_letter_spacing__hover_enabled=&#8220;off&#8220; button_one_letter_spacing__hover_enabled=&#8220;off&#8220; button_two_letter_spacing__hover_enabled=&#8220;off&#8220; button_bg_color__hover_enabled=&#8220;off&#8220; button_one_bg_color__hover_enabled=&#8220;off&#8220; button_two_bg_color__hover_enabled=&#8220;off&#8220;][\/et_pb_contact_field][et_pb_contact_field field_id=&#8220;Email&#8220; field_title=&#8220;Adresse e-mail&#8220; field_type=&#8220;email&#8220; _builder_version=&#8220;3.16&#8243; form_field_font=&#8220;||||&#8220; use_border_color=&#8220;off&#8220; border_style=&#8220;solid&#8220; button_text_size__hover_enabled=&#8220;off&#8220; button_one_text_size__hover_enabled=&#8220;off&#8220; button_two_text_size__hover_enabled=&#8220;off&#8220; button_text_color__hover_enabled=&#8220;off&#8220; button_one_text_color__hover_enabled=&#8220;off&#8220; button_two_text_color__hover_enabled=&#8220;off&#8220; button_border_width__hover_enabled=&#8220;off&#8220; button_one_border_width__hover_enabled=&#8220;off&#8220; button_two_border_width__hover_enabled=&#8220;off&#8220; button_border_color__hover_enabled=&#8220;off&#8220; button_one_border_color__hover_enabled=&#8220;off&#8220; button_two_border_color__hover_enabled=&#8220;off&#8220; button_border_radius__hover_enabled=&#8220;off&#8220; button_one_border_radius__hover_enabled=&#8220;off&#8220; button_two_border_radius__hover_enabled=&#8220;off&#8220; button_letter_spacing__hover_enabled=&#8220;off&#8220; button_one_letter_spacing__hover_enabled=&#8220;off&#8220; button_two_letter_spacing__hover_enabled=&#8220;off&#8220; button_bg_color__hover_enabled=&#8220;off&#8220; button_one_bg_color__hover_enabled=&#8220;off&#8220; button_two_bg_color__hover_enabled=&#8220;off&#8220;][\/et_pb_contact_field][et_pb_contact_field field_id=&#8220;Sujet&#8220; field_title=&#8220;Sujet&#8220; field_type=&#8220;select&#8220; select_options=&#8220;%91{%22value%22:%22Permis moteur%22,%22checked%22:0},{%22value%22:%22Permis voile%22,%22checked%22:0},{%22value%22:%22Th\u00e9orie%22,%22checked%22:0},{%22value%22:%22Location%22,%22checked%22:0}%93&#8243; fullwidth_field=&#8220;on&#8220; _builder_version=&#8220;3.16&#8243; form_field_font=&#8220;||||&#8220; use_border_color=&#8220;off&#8220; border_style=&#8220;solid&#8220; button_text_size__hover_enabled=&#8220;off&#8220; button_one_text_size__hover_enabled=&#8220;off&#8220; button_two_text_size__hover_enabled=&#8220;off&#8220; button_text_color__hover_enabled=&#8220;off&#8220; button_one_text_color__hover_enabled=&#8220;off&#8220; button_two_text_color__hover_enabled=&#8220;off&#8220; button_border_width__hover_enabled=&#8220;off&#8220; button_one_border_width__hover_enabled=&#8220;off&#8220; button_two_border_width__hover_enabled=&#8220;off&#8220; button_border_color__hover_enabled=&#8220;off&#8220; button_one_border_color__hover_enabled=&#8220;off&#8220; button_two_border_color__hover_enabled=&#8220;off&#8220; button_border_radius__hover_enabled=&#8220;off&#8220; button_one_border_radius__hover_enabled=&#8220;off&#8220; button_two_border_radius__hover_enabled=&#8220;off&#8220; button_letter_spacing__hover_enabled=&#8220;off&#8220; button_one_letter_spacing__hover_enabled=&#8220;off&#8220; button_two_letter_spacing__hover_enabled=&#8220;off&#8220; button_bg_color__hover_enabled=&#8220;off&#8220; button_one_bg_color__hover_enabled=&#8220;off&#8220; button_two_bg_color__hover_enabled=&#8220;off&#8220;][\/et_pb_contact_field][et_pb_contact_field field_id=&#8220;Message&#8220; field_title=&#8220;Message&#8220; field_type=&#8220;text&#8220; fullwidth_field=&#8220;on&#8220; _builder_version=&#8220;3.16&#8243; button_text_size__hover_enabled=&#8220;off&#8220; button_one_text_size__hover_enabled=&#8220;off&#8220; button_two_text_size__hover_enabled=&#8220;off&#8220; button_text_color__hover_enabled=&#8220;off&#8220; button_one_text_color__hover_enabled=&#8220;off&#8220; button_two_text_color__hover_enabled=&#8220;off&#8220; button_border_width__hover_enabled=&#8220;off&#8220; button_one_border_width__hover_enabled=&#8220;off&#8220; button_two_border_width__hover_enabled=&#8220;off&#8220; button_border_color__hover_enabled=&#8220;off&#8220; button_one_border_color__hover_enabled=&#8220;off&#8220; button_two_border_color__hover_enabled=&#8220;off&#8220; button_border_radius__hover_enabled=&#8220;off&#8220; button_one_border_radius__hover_enabled=&#8220;off&#8220; button_two_border_radius__hover_enabled=&#8220;off&#8220; button_letter_spacing__hover_enabled=&#8220;off&#8220; button_one_letter_spacing__hover_enabled=&#8220;off&#8220; button_two_letter_spacing__hover_enabled=&#8220;off&#8220; button_bg_color__hover_enabled=&#8220;off&#8220; button_one_bg_color__hover_enabled=&#8220;off&#8220; button_two_bg_color__hover_enabled=&#8220;off&#8220;][\/et_pb_contact_field][\/et_pb_contact_form][\/et_pb_column][\/et_pb_row][\/et_pb_section][et_pb_section fb_built=&#8220;1&#8243; _builder_version=&#8220;3.22&#8243;][et_pb_row _builder_version=&#8220;3.25&#8243; background_size=&#8220;initial&#8220; background_position=&#8220;top_left&#8220; background_repeat=&#8220;repeat&#8220;][et_pb_column type=&#8220;4_4&#8243; _builder_version=&#8220;3.25&#8243; custom_padding=&#8220;|||&#8220; custom_padding__hover=&#8220;|||&#8220;][et_pb_image src=&#8220;https:\/\/www.alphavoile.ch\/wp-content\/uploads\/2017\/10\/LOGO.jpg&#8220; align=&#8220;center&#8220; align_tablet=&#8220;center&#8220; align_last_edited=&#8220;on|desktop&#8220; _builder_version=&#8220;3.23&#8243; border_style=&#8220;solid&#8220; always_center_on_mobile=&#8220;on&#8220;][\/et_pb_image][et_pb_text _builder_version=&#8220;3.27.4&#8243; text_orientation=&#8220;center&#8220; module_alignment=&#8220;center&#8220; border_style=&#8220;solid&#8220;]<\/p>\n<p>Chemin de la batellerie<br \/> <span class=\"Style35\">1470 Estavayer-le-lac<\/span><\/p>\n<p>Parkplatz vorhanden<\/p>\n<p><a style=\"color: #000;\" href=\"tel:079 390 75 78\">079 390 75 78<\/a><\/p>\n<p>[\/et_pb_text][et_pb_text _builder_version=&#8220;3.27.4&#8243; border_style=&#8220;solid&#8220;]<\/p>\n<p style=\"text-align: center;\">J\u00fcrg Doser <a href=\"tel:078 800 70 70\">078 800 70 70<\/a><br \/>\nWir sind den ganzen Tag auf dem Wasser und geben alles!!!<br \/>\nLeider haben wir keine Zeit Mails zu beantworten, bitte rufen Sie uns an, ein R\u00fcckruf unsererseits ist selbstverst\u00e4ndlich!<\/p>\n<p>[\/et_pb_text][\/et_pb_column][\/et_pb_row][\/et_pb_section][et_pb_section fb_built=&#8220;1&#8243; fullwidth=&#8220;on&#8220; _builder_version=&#8220;3.22&#8243;][et_pb_fullwidth_code]<iframe loading=\"lazy\" src=\"https:\/\/www.google.com\/maps\/embed?pb=!1m18!1m12!1m3!1d2728.6835132258293!2d6.836422015763956!3d46.849919847932895!2m3!1f0!2f0!3f0!3m2!1i1024!2i768!4f13.1!3m3!1m2!1s0x478dd8ce4b81388d%3A0x899a9ea02ad57ec8!2sAlphavoile!5e0!3m2!1sfr!2s!4v1509447687133\" width=\"100%\" height=\"450\" frameborder=\"0\" style=\"border:0\" allowfullscreen><\/iframe>[\/et_pb_fullwidth_code][\/et_pb_section]<\/p>\n","protected":false},"excerpt":{"rendered":"<p>Chemin de la batellerie 1470 Estavayer-le-lac Parkplatz vorhanden 079 390 75 78J\u00fcrg Doser 078 800 70 70 Wir sind den ganzen Tag auf dem Wasser und geben alles!!! Leider haben wir keine Zeit Mails zu beantworten, bitte rufen Sie uns an, ein R\u00fcckruf unsererseits ist selbstverst\u00e4ndlich!<\/p>\n","protected":false},"author":4,"featured_media":0,"parent":0,"menu_order":10,"comment_status":"closed","ping_status":"closed","template":"","meta":{"_et_pb_use_builder":"on","_et_pb_old_content":"","_et_gb_content_width":""},"yoast_head":"<!-- This site is optimized with the Yoast SEO plugin v18.6 - https:\/\/yoast.com\/wordpress\/plugins\/seo\/ -->\n<title>Kontakt - Alpha Voile<\/title>\n<meta name=\"robots\" content=\"index, follow, max-snippet:-1, max-image-preview:large, max-video-preview:-1\" \/>\n<link rel=\"canonical\" href=\"https:\/\/www.alphavoile.ch\/de\/kontakt\/\" \/>\n<meta property=\"og:locale\" content=\"de_DE\" \/>\n<meta property=\"og:type\" content=\"article\" \/>\n<meta property=\"og:title\" content=\"Kontakt - Alpha Voile\" \/>\n<meta property=\"og:description\" content=\"Chemin de la batellerie 1470 Estavayer-le-lac Parkplatz vorhanden 079 390 75 78J\u00fcrg Doser 078 800 70 70 Wir sind den ganzen Tag auf dem Wasser und geben alles!!! Leider haben wir keine Zeit Mails zu beantworten, bitte rufen Sie uns an, ein R\u00fcckruf unsererseits ist selbstverst\u00e4ndlich!\" \/>\n<meta property=\"og:url\" content=\"https:\/\/www.alphavoile.ch\/de\/kontakt\/\" \/>\n<meta property=\"og:site_name\" content=\"Alpha Voile\" \/>\n<meta property=\"article:modified_time\" content=\"2020-04-19T07:03:14+00:00\" \/>\n<meta name=\"twitter:card\" content=\"summary\" \/>\n<meta name=\"twitter:label1\" content=\"Gesch\u00e4tzte Lesezeit\" \/>\n\t<meta name=\"twitter:data1\" content=\"8 Minuten\" \/>\n<script type=\"application\/ld+json\" class=\"yoast-schema-graph\">{\"@context\":\"https:\/\/schema.org\",\"@graph\":[{\"@type\":\"Organization\",\"@id\":\"https:\/\/www.alphavoile.ch\/de\/#organization\",\"name\":\"Alpha Voile\",\"url\":\"https:\/\/www.alphavoile.ch\/de\/\",\"sameAs\":[],\"logo\":{\"@type\":\"ImageObject\",\"@id\":\"https:\/\/www.alphavoile.ch\/de\/#logo\",\"inLanguage\":\"de-DE\",\"url\":\"https:\/\/www.alphavoile.ch\/wp-content\/uploads\/2017\/10\/LOGO.jpg\",\"contentUrl\":\"https:\/\/www.alphavoile.ch\/wp-content\/uploads\/2017\/10\/LOGO.jpg\",\"width\":54,\"height\":49,\"caption\":\"Alpha Voile\"},\"image\":{\"@id\":\"https:\/\/www.alphavoile.ch\/de\/#logo\"}},{\"@type\":\"WebSite\",\"@id\":\"https:\/\/www.alphavoile.ch\/de\/#website\",\"url\":\"https:\/\/www.alphavoile.ch\/de\/\",\"name\":\"Alpha Voile\",\"description\":\"cours bateaux voile et moteur location\",\"publisher\":{\"@id\":\"https:\/\/www.alphavoile.ch\/de\/#organization\"},\"potentialAction\":[{\"@type\":\"SearchAction\",\"target\":{\"@type\":\"EntryPoint\",\"urlTemplate\":\"https:\/\/www.alphavoile.ch\/de\/?s={search_term_string}\"},\"query-input\":\"required name=search_term_string\"}],\"inLanguage\":\"de-DE\"},{\"@type\":\"WebPage\",\"@id\":\"https:\/\/www.alphavoile.ch\/de\/kontakt\/#webpage\",\"url\":\"https:\/\/www.alphavoile.ch\/de\/kontakt\/\",\"name\":\"Kontakt - Alpha Voile\",\"isPartOf\":{\"@id\":\"https:\/\/www.alphavoile.ch\/de\/#website\"},\"datePublished\":\"2017-11-01T11:49:38+00:00\",\"dateModified\":\"2020-04-19T07:03:14+00:00\",\"breadcrumb\":{\"@id\":\"https:\/\/www.alphavoile.ch\/de\/kontakt\/#breadcrumb\"},\"inLanguage\":\"de-DE\",\"potentialAction\":[{\"@type\":\"ReadAction\",\"target\":[\"https:\/\/www.alphavoile.ch\/de\/kontakt\/\"]}]},{\"@type\":\"BreadcrumbList\",\"@id\":\"https:\/\/www.alphavoile.ch\/de\/kontakt\/#breadcrumb\",\"itemListElement\":[{\"@type\":\"ListItem\",\"position\":1,\"name\":\"Accueil\",\"item\":\"https:\/\/www.alphavoile.ch\/de\/\"},{\"@type\":\"ListItem\",\"position\":2,\"name\":\"Kontakt\"}]}]}<\/script>\n<!-- \/ Yoast SEO plugin. -->","yoast_head_json":{"title":"Kontakt - Alpha Voile","robots":{"index":"index","follow":"follow","max-snippet":"max-snippet:-1","max-image-preview":"max-image-preview:large","max-video-preview":"max-video-preview:-1"},"canonical":"https:\/\/www.alphavoile.ch\/de\/kontakt\/","og_locale":"de_DE","og_type":"article","og_title":"Kontakt - Alpha Voile","og_description":"Chemin de la batellerie 1470 Estavayer-le-lac Parkplatz vorhanden 079 390 75 78J\u00fcrg Doser 078 800 70 70 Wir sind den ganzen Tag auf dem Wasser und geben alles!!! Leider haben wir keine Zeit Mails zu beantworten, bitte rufen Sie uns an, ein R\u00fcckruf unsererseits ist selbstverst\u00e4ndlich!","og_url":"https:\/\/www.alphavoile.ch\/de\/kontakt\/","og_site_name":"Alpha Voile","article_modified_time":"2020-04-19T07:03:14+00:00","twitter_card":"summary","twitter_misc":{"Gesch\u00e4tzte Lesezeit":"8 Minuten"},"schema":{"@context":"https:\/\/schema.org","@graph":[{"@type":"Organization","@id":"https:\/\/www.alphavoile.ch\/de\/#organization","name":"Alpha Voile","url":"https:\/\/www.alphavoile.ch\/de\/","sameAs":[],"logo":{"@type":"ImageObject","@id":"https:\/\/www.alphavoile.ch\/de\/#logo","inLanguage":"de-DE","url":"https:\/\/www.alphavoile.ch\/wp-content\/uploads\/2017\/10\/LOGO.jpg","contentUrl":"https:\/\/www.alphavoile.ch\/wp-content\/uploads\/2017\/10\/LOGO.jpg","width":54,"height":49,"caption":"Alpha Voile"},"image":{"@id":"https:\/\/www.alphavoile.ch\/de\/#logo"}},{"@type":"WebSite","@id":"https:\/\/www.alphavoile.ch\/de\/#website","url":"https:\/\/www.alphavoile.ch\/de\/","name":"Alpha Voile","description":"cours bateaux voile et moteur location","publisher":{"@id":"https:\/\/www.alphavoile.ch\/de\/#organization"},"potentialAction":[{"@type":"SearchAction","target":{"@type":"EntryPoint","urlTemplate":"https:\/\/www.alphavoile.ch\/de\/?s={search_term_string}"},"query-input":"required name=search_term_string"}],"inLanguage":"de-DE"},{"@type":"WebPage","@id":"https:\/\/www.alphavoile.ch\/de\/kontakt\/#webpage","url":"https:\/\/www.alphavoile.ch\/de\/kontakt\/","name":"Kontakt - Alpha Voile","isPartOf":{"@id":"https:\/\/www.alphavoile.ch\/de\/#website"},"datePublished":"2017-11-01T11:49:38+00:00","dateModified":"2020-04-19T07:03:14+00:00","breadcrumb":{"@id":"https:\/\/www.alphavoile.ch\/de\/kontakt\/#breadcrumb"},"inLanguage":"de-DE","potentialAction":[{"@type":"ReadAction","target":["https:\/\/www.alphavoile.ch\/de\/kontakt\/"]}]},{"@type":"BreadcrumbList","@id":"https:\/\/www.alphavoile.ch\/de\/kontakt\/#breadcrumb","itemListElement":[{"@type":"ListItem","position":1,"name":"Accueil","item":"https:\/\/www.alphavoile.ch\/de\/"},{"@type":"ListItem","position":2,"name":"Kontakt"}]}]}},"_links":{"self":[{"href":"https:\/\/www.alphavoile.ch\/de\/wp-json\/wp\/v2\/pages\/970"}],"collection":[{"href":"https:\/\/www.alphavoile.ch\/de\/wp-json\/wp\/v2\/pages"}],"about":[{"href":"https:\/\/www.alphavoile.ch\/de\/wp-json\/wp\/v2\/types\/page"}],"author":[{"embeddable":true,"href":"https:\/\/www.alphavoile.ch\/de\/wp-json\/wp\/v2\/users\/4"}],"replies":[{"embeddable":true,"href":"https:\/\/www.alphavoile.ch\/de\/wp-json\/wp\/v2\/comments?post=970"}],"version-history":[{"count":6,"href":"https:\/\/www.alphavoile.ch\/de\/wp-json\/wp\/v2\/pages\/970\/revisions"}],"predecessor-version":[{"id":1682,"href":"https:\/\/www.alphavoile.ch\/de\/wp-json\/wp\/v2\/pages\/970\/revisions\/1682"}],"wp:attachment":[{"href":"https:\/\/www.alphavoile.ch\/de\/wp-json\/wp\/v2\/media?parent=970"}],"curies":[{"name":"wp","href":"https:\/\/api.w.org\/{rel}","templated":true}]}}