{"id":997,"date":"2017-11-01T12:58:49","date_gmt":"2017-11-01T11:58:49","guid":{"rendered":"https:\/\/www.alphavoile.ch\/?page_id=997&#038;lang=de"},"modified":"2019-06-19T10:46:52","modified_gmt":"2019-06-19T08:46:52","slug":"photogalerie","status":"publish","type":"page","link":"https:\/\/www.alphavoile.ch\/de\/photogalerie\/","title":{"rendered":"Photogalerie"},"content":{"rendered":"<p>[et_pb_section fb_built=&#8220;1&#8243; _builder_version=&#8220;3.22.3&#8243;][et_pb_row _builder_version=&#8220;3.22.3&#8243; background_size=&#8220;initial&#8220; background_position=&#8220;top_left&#8220; background_repeat=&#8220;repeat&#8220;][et_pb_column type=&#8220;4_4&#8243; _builder_version=&#8220;3.0.47&#8243;][et_pb_text module_class=&#8220;Titre-home&#8220; _builder_version=&#8220;3.0.87&#8243; border_style=&#8220;solid&#8220;]<\/p>\n<h1>Th\u00e9orie Bateau Lac de Neuch\u00e2tel, Fribourg, Vaud, Neuch\u00e2tel<\/h1>\n<p>[\/et_pb_text][et_pb_gallery gallery_ids=&#8220;431,432,433,434,435,436,437,438,439,440,441,442,443,444,445,446,447,449,450,451,452,453,454,455,456,457,458,459,460,461,462,463,464,465,466,467,469,470,471,472,473,474,475,476,477,480,482,483,484,486,974,975,976,977,978,979,980,981,982,983,984,985,994,999,1001,1002,1004,1005,1006,1007,1008,1009,1010,1012,1014,1015,1017,1018,1019,1020&#8243; gallery_orderby=&#8220;rand&#8220; posts_number=&#8220;200&#8243; db_images_per_row=&#8220;4&#8243; db_image_max_width=&#8220;100%&#8220; db_image_max_width_tablet=&#8220;51&#8243; db_image_max_height_tablet=&#8220;501&#8243; db_image_row_spacing_tablet=&#8220;51&#8243; db_image_center_titles=&#8220;left&#8220; db_image_object_fit=&#8220;initial&#8220; show_title_and_caption=&#8220;off&#8220; show_pagination=&#8220;off&#8220; zoom_icon_color=&#8220;#2ea3f2&#8243; _builder_version=&#8220;3.22.7&#8243; pagination_font_size_tablet=&#8220;51&#8243; pagination_line_height_tablet=&#8220;2&#8243; border_style=&#8220;solid&#8220; disabled_on=&#8220;on|on|on&#8220; disabled=&#8220;on&#8220;][\/et_pb_gallery][et_pb_gallery gallery_ids=&#8220;1462,1460,1458,1456,1454,1452,1450,1448,1401,1556,1474,1549,1559,1577,1614,1612,1400,1582,1473,1553,1609,1554,1565,1627,1558,1552,1580,1587,1541,1546,1576,1489,1491,1494,1540,1563,1574,1555,1500,1585,1353,1593,1572,1343,1598,1571,1567,1573,1581,1548,1520,1589,1601,1615,1578,1513,1561,1596,1550,1539,1619,1545,1542,1560,1564,1562,1543,1547,1544,1570,1595,1599,1606,1618&#8243; gallery_orderby=&#8220;rand&#8220; posts_number=&#8220;200&#8243; db_images_per_row=&#8220;4&#8243; db_image_max_width=&#8220;100&#8243; _builder_version=&#8220;3.22.7&#8243;][\/et_pb_gallery][\/et_pb_column][\/et_pb_row][\/et_pb_section]<\/p>\n","protected":false},"excerpt":{"rendered":"<p>Th\u00e9orie Bateau Lac de Neuch\u00e2tel, Fribourg, Vaud, Neuch\u00e2tel<\/p>\n","protected":false},"author":4,"featured_media":0,"parent":0,"menu_order":9,"comment_status":"closed","ping_status":"closed","template":"","meta":{"_et_pb_use_builder":"on","_et_pb_old_content":"","_et_gb_content_width":""},"yoast_head":"<!-- This site is optimized with the Yoast SEO plugin v18.6 - https:\/\/yoast.com\/wordpress\/plugins\/seo\/ -->\n<title>Photogalerie - Alpha Voile<\/title>\n<meta name=\"robots\" content=\"index, follow, max-snippet:-1, max-image-preview:large, max-video-preview:-1\" \/>\n<link rel=\"canonical\" href=\"https:\/\/www.alphavoile.ch\/de\/photogalerie\/\" \/>\n<meta property=\"og:locale\" content=\"de_DE\" \/>\n<meta property=\"og:type\" content=\"article\" \/>\n<meta property=\"og:title\" content=\"Photogalerie - Alpha Voile\" \/>\n<meta property=\"og:description\" content=\"Th\u00e9orie Bateau Lac de Neuch\u00e2tel, Fribourg, Vaud, Neuch\u00e2tel\" \/>\n<meta property=\"og:url\" content=\"https:\/\/www.alphavoile.ch\/de\/photogalerie\/\" \/>\n<meta property=\"og:site_name\" content=\"Alpha Voile\" \/>\n<meta property=\"article:modified_time\" content=\"2019-06-19T08:46:52+00:00\" \/>\n<meta name=\"twitter:card\" content=\"summary\" \/>\n<meta name=\"twitter:label1\" content=\"Gesch\u00e4tzte Lesezeit\" \/>\n\t<meta name=\"twitter:data1\" content=\"1 Minute\" \/>\n<script type=\"application\/ld+json\" class=\"yoast-schema-graph\">{\"@context\":\"https:\/\/schema.org\",\"@graph\":[{\"@type\":\"Organization\",\"@id\":\"https:\/\/www.alphavoile.ch\/de\/#organization\",\"name\":\"Alpha Voile\",\"url\":\"https:\/\/www.alphavoile.ch\/de\/\",\"sameAs\":[],\"logo\":{\"@type\":\"ImageObject\",\"@id\":\"https:\/\/www.alphavoile.ch\/de\/#logo\",\"inLanguage\":\"de-DE\",\"url\":\"https:\/\/www.alphavoile.ch\/wp-content\/uploads\/2017\/10\/LOGO.jpg\",\"contentUrl\":\"https:\/\/www.alphavoile.ch\/wp-content\/uploads\/2017\/10\/LOGO.jpg\",\"width\":54,\"height\":49,\"caption\":\"Alpha Voile\"},\"image\":{\"@id\":\"https:\/\/www.alphavoile.ch\/de\/#logo\"}},{\"@type\":\"WebSite\",\"@id\":\"https:\/\/www.alphavoile.ch\/de\/#website\",\"url\":\"https:\/\/www.alphavoile.ch\/de\/\",\"name\":\"Alpha Voile\",\"description\":\"cours bateaux voile et moteur location\",\"publisher\":{\"@id\":\"https:\/\/www.alphavoile.ch\/de\/#organization\"},\"potentialAction\":[{\"@type\":\"SearchAction\",\"target\":{\"@type\":\"EntryPoint\",\"urlTemplate\":\"https:\/\/www.alphavoile.ch\/de\/?s={search_term_string}\"},\"query-input\":\"required name=search_term_string\"}],\"inLanguage\":\"de-DE\"},{\"@type\":\"WebPage\",\"@id\":\"https:\/\/www.alphavoile.ch\/de\/photogalerie\/#webpage\",\"url\":\"https:\/\/www.alphavoile.ch\/de\/photogalerie\/\",\"name\":\"Photogalerie - Alpha Voile\",\"isPartOf\":{\"@id\":\"https:\/\/www.alphavoile.ch\/de\/#website\"},\"datePublished\":\"2017-11-01T11:58:49+00:00\",\"dateModified\":\"2019-06-19T08:46:52+00:00\",\"breadcrumb\":{\"@id\":\"https:\/\/www.alphavoile.ch\/de\/photogalerie\/#breadcrumb\"},\"inLanguage\":\"de-DE\",\"potentialAction\":[{\"@type\":\"ReadAction\",\"target\":[\"https:\/\/www.alphavoile.ch\/de\/photogalerie\/\"]}]},{\"@type\":\"BreadcrumbList\",\"@id\":\"https:\/\/www.alphavoile.ch\/de\/photogalerie\/#breadcrumb\",\"itemListElement\":[{\"@type\":\"ListItem\",\"position\":1,\"name\":\"Accueil\",\"item\":\"https:\/\/www.alphavoile.ch\/de\/\"},{\"@type\":\"ListItem\",\"position\":2,\"name\":\"Photogalerie\"}]}]}<\/script>\n<!-- \/ Yoast SEO plugin. -->","yoast_head_json":{"title":"Photogalerie - Alpha Voile","robots":{"index":"index","follow":"follow","max-snippet":"max-snippet:-1","max-image-preview":"max-image-preview:large","max-video-preview":"max-video-preview:-1"},"canonical":"https:\/\/www.alphavoile.ch\/de\/photogalerie\/","og_locale":"de_DE","og_type":"article","og_title":"Photogalerie - Alpha Voile","og_description":"Th\u00e9orie Bateau Lac de Neuch\u00e2tel, Fribourg, Vaud, Neuch\u00e2tel","og_url":"https:\/\/www.alphavoile.ch\/de\/photogalerie\/","og_site_name":"Alpha Voile","article_modified_time":"2019-06-19T08:46:52+00:00","twitter_card":"summary","twitter_misc":{"Gesch\u00e4tzte Lesezeit":"1 Minute"},"schema":{"@context":"https:\/\/schema.org","@graph":[{"@type":"Organization","@id":"https:\/\/www.alphavoile.ch\/de\/#organization","name":"Alpha Voile","url":"https:\/\/www.alphavoile.ch\/de\/","sameAs":[],"logo":{"@type":"ImageObject","@id":"https:\/\/www.alphavoile.ch\/de\/#logo","inLanguage":"de-DE","url":"https:\/\/www.alphavoile.ch\/wp-content\/uploads\/2017\/10\/LOGO.jpg","contentUrl":"https:\/\/www.alphavoile.ch\/wp-content\/uploads\/2017\/10\/LOGO.jpg","width":54,"height":49,"caption":"Alpha Voile"},"image":{"@id":"https:\/\/www.alphavoile.ch\/de\/#logo"}},{"@type":"WebSite","@id":"https:\/\/www.alphavoile.ch\/de\/#website","url":"https:\/\/www.alphavoile.ch\/de\/","name":"Alpha Voile","description":"cours bateaux voile et moteur location","publisher":{"@id":"https:\/\/www.alphavoile.ch\/de\/#organization"},"potentialAction":[{"@type":"SearchAction","target":{"@type":"EntryPoint","urlTemplate":"https:\/\/www.alphavoile.ch\/de\/?s={search_term_string}"},"query-input":"required name=search_term_string"}],"inLanguage":"de-DE"},{"@type":"WebPage","@id":"https:\/\/www.alphavoile.ch\/de\/photogalerie\/#webpage","url":"https:\/\/www.alphavoile.ch\/de\/photogalerie\/","name":"Photogalerie - Alpha Voile","isPartOf":{"@id":"https:\/\/www.alphavoile.ch\/de\/#website"},"datePublished":"2017-11-01T11:58:49+00:00","dateModified":"2019-06-19T08:46:52+00:00","breadcrumb":{"@id":"https:\/\/www.alphavoile.ch\/de\/photogalerie\/#breadcrumb"},"inLanguage":"de-DE","potentialAction":[{"@type":"ReadAction","target":["https:\/\/www.alphavoile.ch\/de\/photogalerie\/"]}]},{"@type":"BreadcrumbList","@id":"https:\/\/www.alphavoile.ch\/de\/photogalerie\/#breadcrumb","itemListElement":[{"@type":"ListItem","position":1,"name":"Accueil","item":"https:\/\/www.alphavoile.ch\/de\/"},{"@type":"ListItem","position":2,"name":"Photogalerie"}]}]}},"_links":{"self":[{"href":"https:\/\/www.alphavoile.ch\/de\/wp-json\/wp\/v2\/pages\/997"}],"collection":[{"href":"https:\/\/www.alphavoile.ch\/de\/wp-json\/wp\/v2\/pages"}],"about":[{"href":"https:\/\/www.alphavoile.ch\/de\/wp-json\/wp\/v2\/types\/page"}],"author":[{"embeddable":true,"href":"https:\/\/www.alphavoile.ch\/de\/wp-json\/wp\/v2\/users\/4"}],"replies":[{"embeddable":true,"href":"https:\/\/www.alphavoile.ch\/de\/wp-json\/wp\/v2\/comments?post=997"}],"version-history":[{"count":11,"href":"https:\/\/www.alphavoile.ch\/de\/wp-json\/wp\/v2\/pages\/997\/revisions"}],"predecessor-version":[{"id":1642,"href":"https:\/\/www.alphavoile.ch\/de\/wp-json\/wp\/v2\/pages\/997\/revisions\/1642"}],"wp:attachment":[{"href":"https:\/\/www.alphavoile.ch\/de\/wp-json\/wp\/v2\/media?parent=997"}],"curies":[{"name":"wp","href":"https:\/\/api.w.org\/{rel}","templated":true}]}}